{"id":2455,"date":"2019-03-06T10:31:12","date_gmt":"2019-03-06T09:31:12","guid":{"rendered":"https:\/\/www.amazing-slovakia.sk\/?page_id=2455"},"modified":"2020-09-14T12:38:28","modified_gmt":"2020-09-14T10:38:28","slug":"ako-pouzivame-subory-cookies","status":"publish","type":"page","link":"https:\/\/amazing-slovakia.sk\/en\/ako-pouzivame-subory-cookies\/","title":{"rendered":"Ako pou\u017e\u00edvame s\u00fabory cookies"},"content":{"rendered":"<p>1. Spolo\u010dnos\u0165 CK Amazing-Slovakia, s.r.o., so s\u00eddlom: \u013d. Podjavorinskej 49, 953 01 Zlat\u00e9 Moravce, I\u010cO: 36 703 516, DI\u010c: 2022274485, zap\u00edsan\u00e1 v Obchodnom registri SR, Okresn\u00fd s\u00fad Nitra, Oddiel: Sro, Vlo\u017eka \u010d\u00edslo: 19001\/N, je prev\u00e1dzkovate\u013eom webovej str\u00e1nky <u><a href=\"https:\/\/www.amazing-slovakia.sk\">www.amazing-slovakia.sk<\/a><\/u>.<\/p>\n<p>Spolo\u010dnos\u0165 CK Amazing-Slovakia, s.r.o. (\u010falej len prev\u00e1dzkovate\u013e) na tejto webovej str\u00e1nke pou\u017e\u00edva s\u00fabory cookies na \u00fa\u010dely merania n\u00e1v\u0161tevnosti webov\u00fdch str\u00e1nok a vytv\u00e1rania \u0161tatist\u00edk t\u00fdkaj\u00facich sa n\u00e1v\u0161tevnosti a spr\u00e1vania n\u00e1v\u0161tevn\u00edkov na webov\u00fdch str\u00e1nkach.<\/p>\n<p>2. Zber \u00fadajov uveden\u00fdch v odstavci 1. je mo\u017en\u00e9 pova\u017eova\u0165 za spracovanie osobn\u00fdch \u00fadajov na pr\u00e1vnom z\u00e1klade opr\u00e1vnen\u00e9ho z\u00e1ujmu prev\u00e1dzkovate\u013ea alebo tretej strany pod\u013ea \u00a7 13 odst. f) ZoO\u00da 18\/2018 Z.z.<\/p>\n<p>3. Webov\u00e9 str\u00e1nky je mo\u017en\u00e9 pou\u017e\u00edva\u0165 aj v re\u017eime, ktor\u00fd neumo\u017e\u0148uje zbieranie \u00fadajov o spr\u00e1van\u00ed n\u00e1v\u0161tevn\u00edkov webu &#8211; tento re\u017eim je mo\u017en\u00fd nastavi\u0165 v r\u00e1mci nastavenia prehliada\u010da.<\/p>\n<p>4. Cookies, ktor\u00e9 sa zbieraj\u00fa za \u00fa\u010delom merania n\u00e1v\u0161tevnosti webu a vytv\u00e1rania \u0161tatist\u00edk t\u00fdkaj\u00facich sa n\u00e1v\u0161tevnosti a spr\u00e1vania n\u00e1v\u0161tevn\u00edkov na webe, s\u00fa posudzovan\u00e9 v podobe hromadn\u00e9ho celku a v anonymnej podobe, ktor\u00e1 neumo\u017e\u0148uje identifik\u00e1ciu jednotlivca.<\/p>\n<p>5. Cookies s\u00fa ukladan\u00e9 najviac po dobu 2 rokov (plat\u00ed pre cookies za \u00fa\u010delom merania n\u00e1v\u0161tevnosti webov\u00fdch str\u00e1nok).<\/p>\n<p>6. Spracovanie osobn\u00fdch \u00fadajov je vykon\u00e1van\u00e9 prev\u00e1dzkovate\u013eom. <\/p>\n<p>7. Osobn\u00e9 \u00fadaje zo s\u00faborov cookies v\u0161ak m\u00f4\u017ee spracov\u00e1va\u0165 aj:<\/p>\n<p>Poskytovate\u013e slu\u017eby Google Analytics, prev\u00e1dzkovanej spolo\u010dnos\u0165ou Google Inc., s\u00eddlom 1600 Amphitheatre Parkway, Mountain View, CA 94043, USA.<\/p>\n<p>Poskytovate\u013e slu\u017eby Yandex, prev\u00e1dzkovanej spolo\u010dnos\u0165ou Yandex Europe AG, s\u00eddlom Werftestrasse 4, 6005 Luzern, Switzerland.<\/p>\n<p>Pr\u00edpadne \u010fal\u0161\u00ed poskytovatelia softv\u00e9rov, slu\u017eieb a aplik\u00e1ci\u00ed, ktor\u00fdch v\u0161ak v s\u00fa\u010dasnej dobe spolo\u010dnos\u0165 nevyu\u017e\u00edva.<\/p>\n","protected":false},"excerpt":{"rendered":"<p>1. Spolo\u010dnos\u0165 CK Amazing-Slovakia, s.r.o., so s\u00eddlom: \u013d. Podjavorinskej 49, 953 01 Zlat\u00e9 Moravce, I\u010cO: 36 703 516, DI\u010c: 2022274485, zap\u00edsan\u00e1 v Obchodnom registri SR, Okresn\u00fd s\u00fad Nitra, Oddiel: Sro, Vlo\u017eka \u010d\u00edslo: 19001\/N, je prev\u00e1dzkovate\u013eom webovej str\u00e1nky www.amazing-slovakia.sk. Spolo\u010dnos\u0165 CK Amazing-Slovakia, s.r.o. (\u010falej len prev\u00e1dzkovate\u013e) na tejto webovej str\u00e1nke pou\u017e\u00edva s\u00fabory cookies na \u00fa\u010dely merania [&hellip;]<\/p>\n","protected":false},"author":1,"featured_media":0,"parent":0,"menu_order":0,"comment_status":"closed","ping_status":"closed","template":"","meta":{"_monsterinsights_skip_tracking":false,"_monsterinsights_sitenote_active":false,"_monsterinsights_sitenote_note":"","_monsterinsights_sitenote_category":0,"_uf_show_specific_survey":0,"_uf_disable_surveys":false,"footnotes":""},"class_list":["post-2455","page","type-page","status-publish","hentry"],"aioseo_notices":[],"_links":{"self":[{"href":"https:\/\/amazing-slovakia.sk\/en\/wp-json\/wp\/v2\/pages\/2455","targetHints":{"allow":["GET"]}}],"collection":[{"href":"https:\/\/amazing-slovakia.sk\/en\/wp-json\/wp\/v2\/pages"}],"about":[{"href":"https:\/\/amazing-slovakia.sk\/en\/wp-json\/wp\/v2\/types\/page"}],"author":[{"embeddable":true,"href":"https:\/\/amazing-slovakia.sk\/en\/wp-json\/wp\/v2\/users\/1"}],"replies":[{"embeddable":true,"href":"https:\/\/amazing-slovakia.sk\/en\/wp-json\/wp\/v2\/comments?post=2455"}],"version-history":[{"count":6,"href":"https:\/\/amazing-slovakia.sk\/en\/wp-json\/wp\/v2\/pages\/2455\/revisions"}],"predecessor-version":[{"id":3287,"href":"https:\/\/amazing-slovakia.sk\/en\/wp-json\/wp\/v2\/pages\/2455\/revisions\/3287"}],"wp:attachment":[{"href":"https:\/\/amazing-slovakia.sk\/en\/wp-json\/wp\/v2\/media?parent=2455"}],"curies":[{"name":"wp","href":"https:\/\/api.w.org\/{rel}","templated":true}]}}